{"id":7503,"date":"2022-11-15T08:45:12","date_gmt":"2022-11-15T08:45:12","guid":{"rendered":"https:\/\/cinmed.me\/kontakt\/"},"modified":"2026-02-25T15:55:38","modified_gmt":"2026-02-25T14:55:38","slug":"contact","status":"publish","type":"page","link":"https:\/\/cinmed.me\/en\/contact\/","title":{"rendered":"Contact"},"content":{"rendered":"\t\t<div data-elementor-type=\"wp-page\" data-elementor-id=\"7503\" class=\"elementor elementor-7503 elementor-977\" data-elementor-post-type=\"page\">\n\t\t\t\t\t\t<section class=\"elementor-section elementor-top-section elementor-element elementor-element-71c7137f elementor-section-content-middle elementor-section-boxed elementor-section-height-default elementor-section-height-default\" data-id=\"71c7137f\" data-element_type=\"section\" data-e-type=\"section\">\n\t\t\t\t\t\t<div class=\"elementor-container elementor-column-gap-no\">\n\t\t\t\t\t<div class=\"elementor-column elementor-col-50 elementor-top-column elementor-element elementor-element-7328b583\" data-id=\"7328b583\" data-element_type=\"column\" data-e-type=\"column\">\n\t\t\t<div class=\"elementor-widget-wrap elementor-element-populated\">\n\t\t\t\t\t\t<div class=\"elementor-element elementor-element-5cafea74 elementor-widget elementor-widget-heading\" data-id=\"5cafea74\" data-element_type=\"widget\" data-e-type=\"widget\" data-widget_type=\"heading.default\">\n\t\t\t\t<div class=\"elementor-widget-container\">\n\t\t\t\t\t<h2 class=\"elementor-heading-title elementor-size-default\">Contact us<\/h2>\t\t\t\t<\/div>\n\t\t\t\t<\/div>\n\t\t\t\t<div class=\"elementor-element elementor-element-9c198c7 elementor-widget elementor-widget-text-editor\" data-id=\"9c198c7\" data-element_type=\"widget\" data-e-type=\"widget\" data-widget_type=\"text-editor.default\">\n\t\t\t\t<div class=\"elementor-widget-container\">\n\t\t\t\t\t\t\t\t\t<p><strong>Address:<\/strong><br>Institute for medicines and medical devices of Montenegro<br>Boulevard Ivana Crnojevi\u0107a 64a<br>81000 Podgorica<br>Montenegro<\/p><p><br><\/p>\n<p><\/p>\n<p><strong>Telephone:<\/strong><br>&nbsp;+382 (20) 310 280<br>&nbsp;+382 (20) 310 281<br>&nbsp;+382 (20) 310 580<\/p>\n<p><\/p>\n<p><strong><br><\/strong><\/p>\n<p><\/p>\n<p><strong>E-mail:<\/strong><br>&nbsp;<a href=\"mailto:info@cinmed.me?subject=kontakt\">info@cinmed.me<\/a><\/p>\t\t\t\t\t\t\t\t<\/div>\n\t\t\t\t<\/div>\n\t\t\t\t\t<\/div>\n\t\t<\/div>\n\t\t\t\t<div class=\"elementor-column elementor-col-50 elementor-top-column elementor-element elementor-element-3ac50055\" data-id=\"3ac50055\" data-element_type=\"column\" data-e-type=\"column\" data-settings=\"{&quot;background_background&quot;:&quot;classic&quot;}\">\n\t\t\t<div class=\"elementor-widget-wrap elementor-element-populated\">\n\t\t\t\t\t\t<div class=\"elementor-element elementor-element-da4827d elementor-widget elementor-widget-image\" data-id=\"da4827d\" data-element_type=\"widget\" data-e-type=\"widget\" data-widget_type=\"image.default\">\n\t\t\t\t<div class=\"elementor-widget-container\">\n\t\t\t\t\t\t\t\t\t\t\t\t\t\t\t<img fetchpriority=\"high\" decoding=\"async\" width=\"1024\" height=\"902\" src=\"https:\/\/cinmed.me\/wp-content\/uploads\/2022\/11\/Group-1-1024x902.png\" class=\"attachment-large size-large wp-image-1485\" alt=\"\" srcset=\"https:\/\/cinmed.me\/wp-content\/uploads\/2022\/11\/Group-1-1024x902.png 1024w, https:\/\/cinmed.me\/wp-content\/uploads\/2022\/11\/Group-1-300x264.png 300w, https:\/\/cinmed.me\/wp-content\/uploads\/2022\/11\/Group-1-768x676.png 768w, https:\/\/cinmed.me\/wp-content\/uploads\/2022\/11\/Group-1-1536x1352.png 1536w, https:\/\/cinmed.me\/wp-content\/uploads\/2022\/11\/Group-1.png 1598w\" sizes=\"(max-width: 1024px) 100vw, 1024px\" \/>\t\t\t\t\t\t\t\t\t\t\t\t\t\t\t<\/div>\n\t\t\t\t<\/div>\n\t\t\t\t\t<\/div>\n\t\t<\/div>\n\t\t\t\t\t<\/div>\n\t\t<\/section>\n\t\t\t\t<section class=\"elementor-section elementor-top-section elementor-element elementor-element-20e0163 elementor-section-boxed elementor-section-height-default elementor-section-height-default\" data-id=\"20e0163\" data-element_type=\"section\" data-e-type=\"section\">\n\t\t\t\t\t\t<div class=\"elementor-container elementor-column-gap-default\">\n\t\t\t\t\t<div class=\"elementor-column elementor-col-100 elementor-top-column elementor-element elementor-element-1e13adc\" data-id=\"1e13adc\" data-element_type=\"column\" data-e-type=\"column\">\n\t\t\t<div class=\"elementor-widget-wrap elementor-element-populated\">\n\t\t\t\t\t\t<div class=\"elementor-element elementor-element-43efc1e elementor-widget elementor-widget-google_maps\" data-id=\"43efc1e\" data-element_type=\"widget\" data-e-type=\"widget\" data-widget_type=\"google_maps.default\">\n\t\t\t\t<div class=\"elementor-widget-container\">\n\t\t\t\t\t\t\t<div class=\"elementor-custom-embed\">\n\t\t\t<iframe loading=\"lazy\"\n\t\t\t\t\tsrc=\"https:\/\/maps.google.com\/maps?q=64A%20Bulevar%20Ivana%20Crnojevi%C4%87a%2C%20Podgorica%2081000&#038;t=m&#038;z=15&#038;output=embed&#038;iwloc=near\"\n\t\t\t\t\ttitle=\"64A Bulevar Ivana Crnojevi\u0107a, Podgorica 81000\"\n\t\t\t\t\taria-label=\"64A Bulevar Ivana Crnojevi\u0107a, Podgorica 81000\"\n\t\t\t><\/iframe>\n\t\t<\/div>\n\t\t\t\t\t\t<\/div>\n\t\t\t\t<\/div>\n\t\t\t\t<div class=\"elementor-element elementor-element-7de8488 elementor-widget elementor-widget-text-editor\" data-id=\"7de8488\" data-element_type=\"widget\" data-e-type=\"widget\" data-widget_type=\"text-editor.default\">\n\t\t\t\t<div class=\"elementor-widget-container\">\n\t\t\t\t\t\t\t\t\t<p><b>MANAGING DIRECTOR&#8217;S OFFICE<\/b><\/p><hr \/><p><b>Managing Director<\/b><br \/>MD, MSc, PhD, spec. Sne\u017eana Mugo\u0161a<br \/><a href=\"mailto:kabinet@cinmed.me\">kabinet@cinmed.me<\/a><\/p><p><b>Assistant Director<\/b><\/p><p>PharmD, PhD Gordana Boljevi\u0107<br \/><a href=\"mailto:gordana.boljevic@cinmed.me\">gordana.boljevic@cinmed.me<\/a><\/p><p><strong>Regulatory Affairs Adviser to the Director<\/strong><\/p><p>LL.M. Mira Konti\u0107<br \/><a href=\"mailto:mira.kontic@cinmed.me\">mira.kontic@cinmed.me<\/a><\/p><p><b>Chief of Staff<\/b><\/p><p>Mr Katarina Kova\u010devi\u0107<br \/><a href=\"mailto:katarina.kovacevic@cinmed.me\">katarina.kovacevic@cinmed.me<\/a><\/p><p><strong>Quality menager<\/strong><\/p><p>M.Sc. Danka Tiodorovi\u0107<\/p><p><a href=\"mailto:danka.tiodorovic@cinmed.me\">danka.tiodorovic@cinmed.me<\/a><\/p><hr \/><p><b>CENTRE FOR MEDICINES AUTHORISATION<\/b><\/p><hr \/><p>PharmD, PhD Gordana Boljevi\u0107<br \/><a href=\"mailto:gordana.boljevic@cinmed.me\">gordana.boljevic@cinmed.me<\/a><\/p><p><b>Department for Marketing Authorisation<\/b><br \/><b><\/b><\/p><p>PharmD Tatjana Bankovi\u0107<br \/><a href=\"mailto:tatjana.bankovic@cinmed.me\">tatjana.bankovic@cinmed.me<\/a><\/p><p><b>Department for Variations<\/b><\/p><p>PharmD Berina Ljuca<br \/><a href=\"mailto:berina.ljuca@cinmed.me\">berina.ljuca@cinmed.me<\/a><\/p><p><b>Department for Veterinary Medicines<\/b><\/p><p>DVM Tatjana Babovi\u0107<br \/><a href=\"mailto:tatjana.babovic@cinmed.me\">tatjana.babovic@cinmed.me<\/a><\/p><hr \/><p><b>CENTRE FOR\u00a0 MEDICINES QUALITY, SAFETY AND EFFICACY ASSESSMENT<\/b><\/p><p>PharmD, PhD Bojan Batni\u0107<\/p><p><a href=\"mailto:bojan.batinic@cinmed.me\">bojan.batinic@cinmed.me<\/a><\/p><hr \/><hr \/><p><b>CENTRE FOR MARKET AFFAIRS AND SAFE USE OF MEDICINES<\/b><\/p><hr \/><p>PharmD, spec. Lidija \u010cizmovi\u0107<br \/><a href=\"mailto:lidija.cizmovic@cinmed.me\">lidija.cizmovic@cinmed.me<\/a><\/p><p><b>Department for Pharmacovigilance<\/b><br \/>PharmD Veselinka Vuki\u0107evi\u0107<br \/><a href=\"mailto:veselinka.vukicevic@cinmed.me\">veselinka.vukicevic@cinmed.me<\/a><\/p><p><b>Department for Medicines Consumption Monitoring and Setting Maximum Prices<\/b><br \/>PharmD, spec. Lidija \u010cizmovi\u0107<br \/><a href=\"mailto:lidija.cizmovic@cinmed.me\">lidija.cizmovic@cinmed.me<\/a><\/p><p><b>Department for Issuance of Import\/Export Authorisation<\/b><br \/>PharmD, PhD Tijana Mi\u0107ovi\u0107<br \/><a href=\"mailto:tijana.micovic@cinmed.me\">tijana.micovic@cinmed.me<\/a><\/p><hr \/><p><b>CENTRE FOR MEDICAL DEVICES<br \/><\/b><\/p><hr \/><p>DMD Uro\u0161 Labudovi\u0107<br \/><a href=\"mailto:uros.labudovic@cinmed.me\">uros.labudovic@cinmed.me<\/a><\/p><hr \/><p><strong>INSPECTORATE<\/strong><\/p><hr \/><p>PharmD Sla\u0111ana Marseni\u0107<\/p><p><a href=\"mailto:sladjana.marsenic@cinmed.me\">sladjana.marsenic@cinmed.me<\/a><\/p><hr \/><p><strong>LABORATORY<\/strong><\/p><hr \/><p>M.Sc. David Ko\u010dovi\u0107<br \/><a href=\"mailto:david.kocovic@cinmed.me\">david.kocovic@cinmed.me<\/a><\/p><hr \/><p><strong>CENTRE FOR SUPPORT<\/strong><\/p><hr \/><p>LLB Dragan \u0110uranovi\u0107<\/p><p><a href=\"mailto:dragan.djuranovic@cinmed.me\">dragan.djuranovic@cinmed.me<\/a><\/p><p><strong>Department for Legal, Personnel, and General Affairs<\/strong><\/p><p>LLB Vesna Kosti\u0107<br \/><a href=\"mailto:vesna.kostic@calims.me\">vesna.kostic@<\/a><a href=\"mailto:milorad.drljevic@calims.me\">cinmed.me<\/a><\/p><p><strong>Department for Economic Affairs<\/strong><\/p><p>dipl.ecc Bojan Glogo\u0161ki<\/p><p><a href=\"mailto:bojan.glogoski@cinmed.me\">bojan.glogoski@cinmed.me<\/a><\/p><p><strong>Department for Information and Communication Systems<\/strong><\/p><p>Dipl.ing Lilanda \u0106orovi\u0107<\/p><p><a href=\"mailto:lilanda.corovic@cinmed.me\">lilanda.corovic@cinmed.me<\/a><\/p><p><strong>Registry Office<\/strong><\/p><p>Aleksandar Crnogorac<\/p><p><a href=\"mailto:aleksandar.crnogorac@cinmed.me\">aleksandar.crnogorac@cinmed.me<\/a><\/p>\t\t\t\t\t\t\t\t<\/div>\n\t\t\t\t<\/div>\n\t\t\t\t\t<\/div>\n\t\t<\/div>\n\t\t\t\t\t<\/div>\n\t\t<\/section>\n\t\t\t\t<\/div>\n\t\t","protected":false},"excerpt":{"rendered":"<p>Contact us Address:Institute for medicines and medical devices of MontenegroBoulevard Ivana Crnojevi\u0107a 64a81000 PodgoricaMontenegro Telephone:&nbsp;+382 (20) 310 280&nbsp;+382 (20) 310 281&nbsp;+382 (20) 310 580 E-mail:&nbsp;info@cinmed.me MANAGING DIRECTOR&#8217;S OFFICE Managing DirectorMD, MSc, PhD, spec. Sne\u017eana Mugo\u0161akabinet@cinmed.me Assistant Director PharmD, PhD Gordana Boljevi\u0107gordana.boljevic@cinmed.me Regulatory Affairs Adviser to the Director LL.M. Mira Konti\u0107mira.kontic@cinmed.me Chief of Staff Mr Katarina [&hellip;]<\/p>\n","protected":false},"author":1,"featured_media":0,"parent":0,"menu_order":0,"comment_status":"closed","ping_status":"closed","template":"","meta":{"_acf_changed":false,"inline_featured_image":false,"footnotes":""},"class_list":["post-7503","page","type-page","status-publish","hentry"],"acf":[],"yoast_head":"<!-- This site is optimized with the Yoast SEO plugin v27.0 - https:\/\/yoast.com\/product\/yoast-seo-wordpress\/ -->\n<title>Contact - Cinmed<\/title>\n<meta name=\"robots\" content=\"index, follow, max-snippet:-1, max-image-preview:large, max-video-preview:-1\" \/>\n<link rel=\"canonical\" href=\"https:\/\/cinmed.me\/kontakt\/\" \/>\n<meta property=\"og:locale\" content=\"en_US\" \/>\n<meta property=\"og:type\" content=\"article\" \/>\n<meta property=\"og:title\" content=\"Contact - Cinmed\" \/>\n<meta property=\"og:description\" content=\"Contact us Address:Institute for medicines and medical devices of MontenegroBoulevard Ivana Crnojevi\u0107a 64a81000 PodgoricaMontenegro Telephone:&nbsp;+382 (20) 310 280&nbsp;+382 (20) 310 281&nbsp;+382 (20) 310 580 E-mail:&nbsp;info@cinmed.me MANAGING DIRECTOR&#8217;S OFFICE Managing DirectorMD, MSc, PhD, spec. Sne\u017eana Mugo\u0161akabinet@cinmed.me Assistant Director PharmD, PhD Gordana Boljevi\u0107gordana.boljevic@cinmed.me Regulatory Affairs Adviser to the Director LL.M. Mira Konti\u0107mira.kontic@cinmed.me Chief of Staff Mr Katarina [&hellip;]\" \/>\n<meta property=\"og:url\" content=\"https:\/\/cinmed.me\/kontakt\/\" \/>\n<meta property=\"og:site_name\" content=\"Cinmed\" \/>\n<meta property=\"article:modified_time\" content=\"2026-02-25T14:55:38+00:00\" \/>\n<meta property=\"og:image\" content=\"https:\/\/cinmed.me\/wp-content\/uploads\/2022\/11\/Group-1-1024x902.png\" \/>\n\t<meta property=\"og:image:width\" content=\"1024\" \/>\n\t<meta property=\"og:image:height\" content=\"902\" \/>\n\t<meta property=\"og:image:type\" content=\"image\/png\" \/>\n<meta name=\"twitter:card\" content=\"summary_large_image\" \/>\n<meta name=\"twitter:label1\" content=\"Est. reading time\" \/>\n\t<meta name=\"twitter:data1\" content=\"2 minutes\" \/>\n<script type=\"application\/ld+json\" class=\"yoast-schema-graph\">{\"@context\":\"https:\/\/schema.org\",\"@graph\":[{\"@type\":\"WebPage\",\"@id\":\"https:\/\/cinmed.me\/kontakt\/\",\"url\":\"https:\/\/cinmed.me\/kontakt\/\",\"name\":\"Contact - Cinmed\",\"isPartOf\":{\"@id\":\"https:\/\/cinmed.me\/#website\"},\"primaryImageOfPage\":{\"@id\":\"https:\/\/cinmed.me\/kontakt\/#primaryimage\"},\"image\":{\"@id\":\"https:\/\/cinmed.me\/kontakt\/#primaryimage\"},\"thumbnailUrl\":\"https:\/\/cinmed.me\/wp-content\/uploads\/2022\/11\/Group-1-1024x902.png\",\"datePublished\":\"2022-11-15T08:45:12+00:00\",\"dateModified\":\"2026-02-25T14:55:38+00:00\",\"breadcrumb\":{\"@id\":\"https:\/\/cinmed.me\/kontakt\/#breadcrumb\"},\"inLanguage\":\"en-US\",\"potentialAction\":[{\"@type\":\"ReadAction\",\"target\":[\"https:\/\/cinmed.me\/kontakt\/\"]}]},{\"@type\":\"ImageObject\",\"inLanguage\":\"en-US\",\"@id\":\"https:\/\/cinmed.me\/kontakt\/#primaryimage\",\"url\":\"https:\/\/cinmed.me\/wp-content\/uploads\/2022\/11\/Group-1-1024x902.png\",\"contentUrl\":\"https:\/\/cinmed.me\/wp-content\/uploads\/2022\/11\/Group-1-1024x902.png\"},{\"@type\":\"BreadcrumbList\",\"@id\":\"https:\/\/cinmed.me\/kontakt\/#breadcrumb\",\"itemListElement\":[{\"@type\":\"ListItem\",\"position\":1,\"name\":\"Home\",\"item\":\"https:\/\/cinmed.me\/en\/\"},{\"@type\":\"ListItem\",\"position\":2,\"name\":\"Contact\"}]},{\"@type\":\"WebSite\",\"@id\":\"https:\/\/cinmed.me\/#website\",\"url\":\"https:\/\/cinmed.me\/\",\"name\":\"Cinmed\",\"description\":\"Crnogorska agencija za lijekove\",\"publisher\":{\"@id\":\"https:\/\/cinmed.me\/#organization\"},\"potentialAction\":[{\"@type\":\"SearchAction\",\"target\":{\"@type\":\"EntryPoint\",\"urlTemplate\":\"https:\/\/cinmed.me\/?s={search_term_string}\"},\"query-input\":{\"@type\":\"PropertyValueSpecification\",\"valueRequired\":true,\"valueName\":\"search_term_string\"}}],\"inLanguage\":\"en-US\"},{\"@type\":\"Organization\",\"@id\":\"https:\/\/cinmed.me\/#organization\",\"name\":\"Cinmed\",\"url\":\"https:\/\/cinmed.me\/\",\"logo\":{\"@type\":\"ImageObject\",\"inLanguage\":\"en-US\",\"@id\":\"https:\/\/cinmed.me\/#\/schema\/logo\/image\/\",\"url\":\"https:\/\/cinmed.me\/wp-content\/uploads\/2023\/02\/cropped-logo.png\",\"contentUrl\":\"https:\/\/cinmed.me\/wp-content\/uploads\/2023\/02\/cropped-logo.png\",\"width\":476,\"height\":59,\"caption\":\"Cinmed\"},\"image\":{\"@id\":\"https:\/\/cinmed.me\/#\/schema\/logo\/image\/\"}}]}<\/script>\n<!-- \/ Yoast SEO plugin. -->","yoast_head_json":{"title":"Contact - Cinmed","robots":{"index":"index","follow":"follow","max-snippet":"max-snippet:-1","max-image-preview":"max-image-preview:large","max-video-preview":"max-video-preview:-1"},"canonical":"https:\/\/cinmed.me\/kontakt\/","og_locale":"en_US","og_type":"article","og_title":"Contact - Cinmed","og_description":"Contact us Address:Institute for medicines and medical devices of MontenegroBoulevard Ivana Crnojevi\u0107a 64a81000 PodgoricaMontenegro Telephone:&nbsp;+382 (20) 310 280&nbsp;+382 (20) 310 281&nbsp;+382 (20) 310 580 E-mail:&nbsp;info@cinmed.me MANAGING DIRECTOR&#8217;S OFFICE Managing DirectorMD, MSc, PhD, spec. Sne\u017eana Mugo\u0161akabinet@cinmed.me Assistant Director PharmD, PhD Gordana Boljevi\u0107gordana.boljevic@cinmed.me Regulatory Affairs Adviser to the Director LL.M. Mira Konti\u0107mira.kontic@cinmed.me Chief of Staff Mr Katarina [&hellip;]","og_url":"https:\/\/cinmed.me\/kontakt\/","og_site_name":"Cinmed","article_modified_time":"2026-02-25T14:55:38+00:00","og_image":[{"width":1024,"height":902,"url":"https:\/\/cinmed.me\/wp-content\/uploads\/2022\/11\/Group-1-1024x902.png","type":"image\/png"}],"twitter_card":"summary_large_image","twitter_misc":{"Est. reading time":"2 minutes"},"schema":{"@context":"https:\/\/schema.org","@graph":[{"@type":"WebPage","@id":"https:\/\/cinmed.me\/kontakt\/","url":"https:\/\/cinmed.me\/kontakt\/","name":"Contact - Cinmed","isPartOf":{"@id":"https:\/\/cinmed.me\/#website"},"primaryImageOfPage":{"@id":"https:\/\/cinmed.me\/kontakt\/#primaryimage"},"image":{"@id":"https:\/\/cinmed.me\/kontakt\/#primaryimage"},"thumbnailUrl":"https:\/\/cinmed.me\/wp-content\/uploads\/2022\/11\/Group-1-1024x902.png","datePublished":"2022-11-15T08:45:12+00:00","dateModified":"2026-02-25T14:55:38+00:00","breadcrumb":{"@id":"https:\/\/cinmed.me\/kontakt\/#breadcrumb"},"inLanguage":"en-US","potentialAction":[{"@type":"ReadAction","target":["https:\/\/cinmed.me\/kontakt\/"]}]},{"@type":"ImageObject","inLanguage":"en-US","@id":"https:\/\/cinmed.me\/kontakt\/#primaryimage","url":"https:\/\/cinmed.me\/wp-content\/uploads\/2022\/11\/Group-1-1024x902.png","contentUrl":"https:\/\/cinmed.me\/wp-content\/uploads\/2022\/11\/Group-1-1024x902.png"},{"@type":"BreadcrumbList","@id":"https:\/\/cinmed.me\/kontakt\/#breadcrumb","itemListElement":[{"@type":"ListItem","position":1,"name":"Home","item":"https:\/\/cinmed.me\/en\/"},{"@type":"ListItem","position":2,"name":"Contact"}]},{"@type":"WebSite","@id":"https:\/\/cinmed.me\/#website","url":"https:\/\/cinmed.me\/","name":"Cinmed","description":"Crnogorska agencija za lijekove","publisher":{"@id":"https:\/\/cinmed.me\/#organization"},"potentialAction":[{"@type":"SearchAction","target":{"@type":"EntryPoint","urlTemplate":"https:\/\/cinmed.me\/?s={search_term_string}"},"query-input":{"@type":"PropertyValueSpecification","valueRequired":true,"valueName":"search_term_string"}}],"inLanguage":"en-US"},{"@type":"Organization","@id":"https:\/\/cinmed.me\/#organization","name":"Cinmed","url":"https:\/\/cinmed.me\/","logo":{"@type":"ImageObject","inLanguage":"en-US","@id":"https:\/\/cinmed.me\/#\/schema\/logo\/image\/","url":"https:\/\/cinmed.me\/wp-content\/uploads\/2023\/02\/cropped-logo.png","contentUrl":"https:\/\/cinmed.me\/wp-content\/uploads\/2023\/02\/cropped-logo.png","width":476,"height":59,"caption":"Cinmed"},"image":{"@id":"https:\/\/cinmed.me\/#\/schema\/logo\/image\/"}}]}},"jetpack_sharing_enabled":true,"_links":{"self":[{"href":"https:\/\/cinmed.me\/en\/wp-json\/wp\/v2\/pages\/7503","targetHints":{"allow":["GET"]}}],"collection":[{"href":"https:\/\/cinmed.me\/en\/wp-json\/wp\/v2\/pages"}],"about":[{"href":"https:\/\/cinmed.me\/en\/wp-json\/wp\/v2\/types\/page"}],"author":[{"embeddable":true,"href":"https:\/\/cinmed.me\/en\/wp-json\/wp\/v2\/users\/1"}],"replies":[{"embeddable":true,"href":"https:\/\/cinmed.me\/en\/wp-json\/wp\/v2\/comments?post=7503"}],"version-history":[{"count":72,"href":"https:\/\/cinmed.me\/en\/wp-json\/wp\/v2\/pages\/7503\/revisions"}],"predecessor-version":[{"id":21902,"href":"https:\/\/cinmed.me\/en\/wp-json\/wp\/v2\/pages\/7503\/revisions\/21902"}],"wp:attachment":[{"href":"https:\/\/cinmed.me\/en\/wp-json\/wp\/v2\/media?parent=7503"}],"curies":[{"name":"wp","href":"https:\/\/api.w.org\/{rel}","templated":true}]}}