{"id":7522,"date":"2022-12-22T12:52:40","date_gmt":"2022-12-22T12:52:40","guid":{"rendered":"https:\/\/cinmed.me\/nas-tim\/doc-dr-med-spec-snezana-mugosa\/"},"modified":"2025-08-08T10:44:33","modified_gmt":"2025-08-08T08:44:33","slug":"md-msc-phd-spec-snezana-mugosa","status":"publish","type":"page","link":"https:\/\/cinmed.me\/en\/our-team\/md-msc-phd-spec-snezana-mugosa\/","title":{"rendered":"MD, MSc, PhD, spec. Sne\u017eana Mugo\u0161a"},"content":{"rendered":"\t\t<div data-elementor-type=\"wp-page\" data-elementor-id=\"7522\" class=\"elementor elementor-7522 elementor-4754\" data-elementor-post-type=\"page\">\n\t\t\t\t\t\t<section class=\"elementor-section elementor-top-section elementor-element elementor-element-b1cc3b4 elementor-section-boxed elementor-section-height-default elementor-section-height-default\" data-id=\"b1cc3b4\" data-element_type=\"section\" data-e-type=\"section\">\n\t\t\t\t\t\t<div class=\"elementor-container elementor-column-gap-wider\">\n\t\t\t\t\t<div class=\"elementor-column elementor-col-50 elementor-top-column elementor-element elementor-element-b11a068\" data-id=\"b11a068\" data-element_type=\"column\" data-e-type=\"column\">\n\t\t\t<div class=\"elementor-widget-wrap elementor-element-populated\">\n\t\t\t\t\t\t<div class=\"elementor-element elementor-element-19240af elementor-widget elementor-widget-image\" data-id=\"19240af\" data-element_type=\"widget\" data-e-type=\"widget\" data-widget_type=\"image.default\">\n\t\t\t\t<div class=\"elementor-widget-container\">\n\t\t\t\t\t\t\t\t\t\t\t\t\t\t\t<img fetchpriority=\"high\" decoding=\"async\" width=\"768\" height=\"548\" src=\"https:\/\/cinmed.me\/wp-content\/uploads\/2022\/12\/Snezana-Mugosa-768x548.jpg\" class=\"attachment-medium_large size-medium_large wp-image-4942\" alt=\"\" srcset=\"https:\/\/cinmed.me\/wp-content\/uploads\/2022\/12\/Snezana-Mugosa-768x548.jpg 768w, https:\/\/cinmed.me\/wp-content\/uploads\/2022\/12\/Snezana-Mugosa-300x214.jpg 300w, https:\/\/cinmed.me\/wp-content\/uploads\/2022\/12\/Snezana-Mugosa-1024x731.jpg 1024w, https:\/\/cinmed.me\/wp-content\/uploads\/2022\/12\/Snezana-Mugosa-1536x1097.jpg 1536w, https:\/\/cinmed.me\/wp-content\/uploads\/2022\/12\/Snezana-Mugosa-2048x1462.jpg 2048w\" sizes=\"(max-width: 768px) 100vw, 768px\" \/>\t\t\t\t\t\t\t\t\t\t\t\t\t\t\t<\/div>\n\t\t\t\t<\/div>\n\t\t\t\t<div class=\"elementor-element elementor-element-cb5dca3 elementor-widget elementor-widget-text-editor\" data-id=\"cb5dca3\" data-element_type=\"widget\" data-e-type=\"widget\" data-widget_type=\"text-editor.default\">\n\t\t\t\t<div class=\"elementor-widget-container\">\n\t\t\t\t\t\t\t\t\t<p><strong>MD, MSc, PhD, spec. Sne\u017eana Mugo\u0161a<\/strong> has been a Managing Director of the Institute for Medicines and Medical Devices since February 2022. She was appointed in a public competition for a five-year period.<\/p><p>\u00a0<\/p><p>She was born in Nik\u0161i\u0107 where she completed elementary and high school where she graduated as the valedictorian. She graduated from the Faculty of Medicine in Podgorica in 2004 with the highest average grade in her generation (9,69).<\/p><p>\u00a0<\/p><p>She passed her specialist exam in the area of internal medicine in 2011 with an &#8220;excellent&#8221; grade at the Faculty of Medicine of the University of Belgrade and defended her master&#8217;s thesis and doctoral dissertation in the area of clinical pharmacology and therapy with a grade &#8220;A&#8221; at the Faculty of Medicine of the University of Montenegro.<\/p><p>\u00a0<\/p><p>After completing her internship for a medical doctor, she worked at the Institute for Emergency Medical Aid in Podgorica. In the period from 2006 to 2012, she worked at the Cardiology Center of the Clinical Center of Montenegro. She started working at the Institute for Medicines and Medical Devices of Montenegro in 2012 as the Head of the Department for Clinical Trials and Medicines Safety and Efficacy Assessment and from September 2021 to February 2022 she held the position of deputy managing director.<\/p><p>\u00a0<\/p><p>She is an assistant professor at the Faculty of Medicine in Podgorica for pharmacological group of subjects and a a lecturer at the Clinical Research Associate Academy (CRA) in Belgrade.<\/p><p>\u00a0<\/p><p>Her full CV is available <a href=\"https:\/\/cinmed.me\/wp-content\/uploads\/2025\/08\/CV-SNEZA-Mugosa-FINAL-ENGLESKI.pdf\" target=\"_blank\" rel=\"noopener\">here<\/a>.<\/p>\t\t\t\t\t\t\t\t<\/div>\n\t\t\t\t<\/div>\n\t\t\t\t\t<\/div>\n\t\t<\/div>\n\t\t\t\t<div class=\"elementor-column elementor-col-50 elementor-top-column elementor-element elementor-element-8242c82\" data-id=\"8242c82\" data-element_type=\"column\" data-e-type=\"column\">\n\t\t\t<div class=\"elementor-widget-wrap elementor-element-populated\">\n\t\t\t\t\t\t<div class=\"elementor-element elementor-element-ecc5f7a elementor-widget elementor-widget-shortcode\" data-id=\"ecc5f7a\" data-element_type=\"widget\" data-e-type=\"widget\" data-widget_type=\"shortcode.default\">\n\t\t\t\t<div class=\"elementor-widget-container\">\n\t\t\t\t\t<div class=\"relative pt-10 rounded bg-primary pb-72\">\n\t<h1 class=\"ml-10 text-4xl text-white \">Search <span class=\"font-bold\">register<\/span><\/h1>\n\t<div class=\"mt-8 \">\n\t\t<h3 class=\"mb-4 ml-10 text-secondary text-medium \">Here you can search for medicines in our register<\/h3>\n\t\t<div class=\"relative inline-block w-4\/5 ml-10 text-left\" style=\"width:80%\">\n\t\t\t<div>\n\t\t\t\t<select onchange=\"javascript:handleSelect(this)\" class=\"block h-[52px] text-[18px] text-light appearance-none w-full bg-white py-3 px-4 pr-8 rounded leading-tight focus:outline-none focus:bg-white focus:border-none\">\n\t\t\t\t\t<option class=\"text-[18px]\" value=\"\">Choose register<\/option>\n\t\t\t\t\t<option class=\"text-[18px]\" value=\"\/en\/register-of-medicines-for-human-use\/\">Register of medicines for human use<\/option>\n\t\t\t\t\t<option class=\"text-[18px]\" value=\"\/en\/register-of-veterinary-medicines\/\">Register of veterinary medicines<\/option>\n\t\t\t\t\t<option class=\"text-[18px]\" value=\"\/en\/medical-devices\/register-of-medical-devices\/\">Register of medical devices<\/option>\n\t\t\t\t<\/select>\n\n\t\t\t\t<script type=\"text\/javascript\">\n\t\t\t\t\tfunction handleSelect(elm) {\n\t\t\t\t\t\twindow.location = elm.value;\n\t\t\t\t\t}\n\t\t\t\t<\/script>\n\t\t\t\t<img decoding=\"async\" style=\"top:22px;\" class=\"absolute right-[15px] top-[22px] \" src=\"\/wp-content\/uploads\/2022\/11\/strelca-copy-8.png\" \/>\n\t\t\t<\/div>\n\t\t<\/div>\n\t<\/div>\n\t<img decoding=\"async\" class=\"absolute bottom-[30px] w-[380px]\" src=\"\/wp-content\/uploads\/2022\/11\/nele.png\" \/>\n<\/div>\n\n\n<div class=\"relative px-10 pt-10 mt-10 rounded pb-72 bg-light-yellow\">\n\t<div class=\"mt-8 md:mt-0\">\n\t\t<h1 class=\"text-3xl text-primary \">Sign up for<\/h1>\n\t\t<h1 class=\"mb-5 text-3xl font-bold text-primary\">Newsletter<\/h1>\n\t\t  \n  \n  <div class=\"\n    mailpoet_form_popup_overlay\n      \"><\/div>\n  <div\n    id=\"mailpoet_form_1\"\n    class=\"\n      mailpoet_form\n      mailpoet_form_shortcode\n      mailpoet_form_position_\n      mailpoet_form_animation_\n    \"\n      >\n\n    <style type=\"text\/css\">\n     #mailpoet_form_1 .mailpoet_form {  }\n#mailpoet_form_1 .mailpoet_column_with_background { padding: 10px; }\n#mailpoet_form_1 .mailpoet_form_column:not(:first-child) { margin-left: 20px; }\n#mailpoet_form_1 .mailpoet_paragraph { line-height: 20px; margin-bottom: 20px; }\n#mailpoet_form_1 .mailpoet_segment_label, #mailpoet_form_1 .mailpoet_text_label, #mailpoet_form_1 .mailpoet_textarea_label, #mailpoet_form_1 .mailpoet_select_label, #mailpoet_form_1 .mailpoet_radio_label, #mailpoet_form_1 .mailpoet_checkbox_label, #mailpoet_form_1 .mailpoet_list_label, #mailpoet_form_1 .mailpoet_date_label { display: block; font-weight: normal; }\n#mailpoet_form_1 .mailpoet_text, #mailpoet_form_1 .mailpoet_textarea, #mailpoet_form_1 .mailpoet_select, #mailpoet_form_1 .mailpoet_date_month, #mailpoet_form_1 .mailpoet_date_day, #mailpoet_form_1 .mailpoet_date_year, #mailpoet_form_1 .mailpoet_date { display: block; }\n#mailpoet_form_1 .mailpoet_text, #mailpoet_form_1 .mailpoet_textarea { width: 200px; }\n#mailpoet_form_1 .mailpoet_checkbox {  }\n#mailpoet_form_1 .mailpoet_submit {  }\n#mailpoet_form_1 .mailpoet_divider {  }\n#mailpoet_form_1 .mailpoet_message {  }\n#mailpoet_form_1 .mailpoet_form_loading { width: 30px; text-align: center; line-height: normal; }\n#mailpoet_form_1 .mailpoet_form_loading > span { width: 5px; height: 5px; background-color: #5b5b5b; }#mailpoet_form_1{border-radius: 0px;text-align: left;}#mailpoet_form_1 form.mailpoet_form {padding: 20px;}#mailpoet_form_1{width: 100%;}#mailpoet_form_1 .mailpoet_message {margin: 0; padding: 0 20px;}#mailpoet_form_1 .mailpoet_paragraph.last {margin-bottom: 0} @media (max-width: 500px) {#mailpoet_form_1 {background-image: none;}} @media (min-width: 500px) {#mailpoet_form_1 .last .mailpoet_paragraph:last-child {margin-bottom: 0}}  @media (max-width: 500px) {#mailpoet_form_1 .mailpoet_form_column:last-child .mailpoet_paragraph:last-child {margin-bottom: 0}} \n    <\/style>\n\n    <form\n      target=\"_self\"\n      method=\"post\"\n      action=\"https:\/\/cinmed.me\/wp-admin\/admin-post.php?action=mailpoet_subscription_form\"\n      class=\"mailpoet_form mailpoet_form_form mailpoet_form_shortcode\"\n      novalidate\n      data-delay=\"\"\n      data-exit-intent-enabled=\"\"\n      data-font-family=\"\"\n      data-cookie-expiration-time=\"\"\n    >\n      <input type=\"hidden\" name=\"data[form_id]\" value=\"1\" \/>\n      <input type=\"hidden\" name=\"token\" value=\"003f8b1b5b\" \/>\n      <input type=\"hidden\" name=\"api_version\" value=\"v1\" \/>\n      <input type=\"hidden\" name=\"endpoint\" value=\"subscribers\" \/>\n      <input type=\"hidden\" name=\"mailpoet_method\" value=\"subscribe\" \/>\n\n      <label class=\"mailpoet_hp_email_label\" style=\"display: none !important;\">Please leave this field empty<input type=\"email\" name=\"data[email]\"\/><\/label><div class=\"mailpoet_paragraph \"><input type=\"email\" autocomplete=\"email\" class=\"mailpoet_text\" id=\"form_email_1\" name=\"data[form_field_MGVjYjc5NjljZGZkX2VtYWls]\" title=\"Email\" value=\"\" style=\"width:100%;box-sizing:border-box;padding:5px;margin: 0 auto 0 0;\" data-automation-id=\"form_email\"  placeholder=\"Email *\" aria-label=\"Email *\" data-parsley-errors-container=\".mailpoet_error_zk0yv\" data-parsley-required=\"true\" required aria-required=\"true\" data-parsley-minlength=\"6\" data-parsley-maxlength=\"150\" data-parsley-type-message=\"This value should be a valid email.\" data-parsley-required-message=\"This field is required.\"\/><span class=\"mailpoet_error_zk0yv\"><\/span><\/div>\n<div class=\"mailpoet_recaptcha\" data-sitekey=\"6LcWxdgkAAAAABKQzPxDkvSjfzinYiJpUzzXRcmb\" data-size=\"invisible\">\n      <div class=\"mailpoet_recaptcha_container\"><\/div>\n      <noscript>\n        <div>\n          <div class=\"mailpoet_recaptcha_noscript_container\">\n            <div>\n              <iframe src=\"https:\/\/www.google.com\/recaptcha\/api\/fallback?k=6LcWxdgkAAAAABKQzPxDkvSjfzinYiJpUzzXRcmb\" frameborder=\"0\" scrolling=\"no\">\n              <\/iframe>\n            <\/div>\n          <\/div>\n          <div class=\"mailpoet_recaptcha_noscript_input\">\n            <textarea id=\"g-recaptcha-response\" name=\"data[recaptcha]\" class=\"g-recaptcha-response\">\n            <\/textarea>\n          <\/div>\n        <\/div>\n      <\/noscript>\n      <input class=\"mailpoet_recaptcha_field\" type=\"hidden\" name=\"recaptchaWidgetId\">\n    <\/div><div class=\"mailpoet_paragraph \"><input type=\"submit\" class=\"mailpoet_submit\" value=\"Subscribe!\" data-automation-id=\"subscribe-submit-button\" style=\"width:100%;box-sizing:border-box;padding:5px;margin: 0 auto 0 0;border-color:transparent;\" \/><span class=\"mailpoet_form_loading\"><span class=\"mailpoet_bounce1\"><\/span><span class=\"mailpoet_bounce2\"><\/span><span class=\"mailpoet_bounce3\"><\/span><\/span><\/div>\n\n      <div class=\"mailpoet_message\">\n        <p class=\"mailpoet_validate_success\"\n                style=\"display:none;\"\n                >Thank you for subscribing!\n        <\/p>\n        <p class=\"mailpoet_validate_error\"\n                style=\"display:none;\"\n                >        <\/p>\n      <\/div>\n    <\/form>\n\n      <\/div>\n\n  \t<\/div>\n\t<img decoding=\"async\" class=\"absolute bottom-0 left-0 w-[380px] \" src=\"\/wp-content\/uploads\/2022\/11\/newsletter.png\" \/>\n<\/div>\t\t<div class=\"elementor-shortcode\"><\/div>\n\t\t\t\t\t\t<\/div>\n\t\t\t\t<\/div>\n\t\t\t\t\t<\/div>\n\t\t<\/div>\n\t\t\t\t\t<\/div>\n\t\t<\/section>\n\t\t\t\t<\/div>\n\t\t","protected":false},"excerpt":{"rendered":"<p>MD, MSc, PhD, spec. Sne\u017eana Mugo\u0161a has been a Managing Director of the Institute for Medicines and Medical Devices since February 2022. She was appointed in a public competition for a five-year period. \u00a0 She was born in Nik\u0161i\u0107 where she completed elementary and high school where she graduated as the valedictorian. She graduated from [&hellip;]<\/p>\n","protected":false},"author":1,"featured_media":0,"parent":7517,"menu_order":0,"comment_status":"closed","ping_status":"closed","template":"cinmed-template-custom.php","meta":{"_acf_changed":false,"inline_featured_image":false,"footnotes":""},"class_list":["post-7522","page","type-page","status-publish","hentry"],"acf":[],"yoast_head":"<!-- This site is optimized with the Yoast SEO plugin v27.0 - https:\/\/yoast.com\/product\/yoast-seo-wordpress\/ -->\n<title>MD, MSc, PhD, spec. Sne\u017eana Mugo\u0161a - Cinmed<\/title>\n<meta name=\"robots\" content=\"index, follow, max-snippet:-1, max-image-preview:large, max-video-preview:-1\" \/>\n<link rel=\"canonical\" href=\"https:\/\/cinmed.me\/nas-tim\/doc-dr-med-spec-snezana-mugosa\/\" \/>\n<meta property=\"og:locale\" content=\"en_US\" \/>\n<meta property=\"og:type\" content=\"article\" \/>\n<meta property=\"og:title\" content=\"MD, MSc, PhD, spec. Sne\u017eana Mugo\u0161a - Cinmed\" \/>\n<meta property=\"og:description\" content=\"MD, MSc, PhD, spec. Sne\u017eana Mugo\u0161a has been a Managing Director of the Institute for Medicines and Medical Devices since February 2022. She was appointed in a public competition for a five-year period. \u00a0 She was born in Nik\u0161i\u0107 where she completed elementary and high school where she graduated as the valedictorian. She graduated from [&hellip;]\" \/>\n<meta property=\"og:url\" content=\"https:\/\/cinmed.me\/nas-tim\/doc-dr-med-spec-snezana-mugosa\/\" \/>\n<meta property=\"og:site_name\" content=\"Cinmed\" \/>\n<meta property=\"article:modified_time\" content=\"2025-08-08T08:44:33+00:00\" \/>\n<meta property=\"og:image\" content=\"https:\/\/cinmed.me\/wp-content\/uploads\/2022\/12\/Snezana-Mugosa.jpg\" \/>\n\t<meta property=\"og:image:width\" content=\"2160\" \/>\n\t<meta property=\"og:image:height\" content=\"1542\" \/>\n\t<meta property=\"og:image:type\" content=\"image\/jpeg\" \/>\n<meta name=\"twitter:card\" content=\"summary_large_image\" \/>\n<meta name=\"twitter:label1\" content=\"Est. reading time\" \/>\n\t<meta name=\"twitter:data1\" content=\"3 minutes\" \/>\n<script type=\"application\/ld+json\" class=\"yoast-schema-graph\">{\"@context\":\"https:\/\/schema.org\",\"@graph\":[{\"@type\":\"WebPage\",\"@id\":\"https:\/\/cinmed.me\/nas-tim\/doc-dr-med-spec-snezana-mugosa\/\",\"url\":\"https:\/\/cinmed.me\/nas-tim\/doc-dr-med-spec-snezana-mugosa\/\",\"name\":\"MD, MSc, PhD, spec. Sne\u017eana Mugo\u0161a - Cinmed\",\"isPartOf\":{\"@id\":\"https:\/\/cinmed.me\/#website\"},\"primaryImageOfPage\":{\"@id\":\"https:\/\/cinmed.me\/nas-tim\/doc-dr-med-spec-snezana-mugosa\/#primaryimage\"},\"image\":{\"@id\":\"https:\/\/cinmed.me\/nas-tim\/doc-dr-med-spec-snezana-mugosa\/#primaryimage\"},\"thumbnailUrl\":\"https:\/\/cinmed.me\/wp-content\/uploads\/2022\/12\/Snezana-Mugosa-768x548.jpg\",\"datePublished\":\"2022-12-22T12:52:40+00:00\",\"dateModified\":\"2025-08-08T08:44:33+00:00\",\"breadcrumb\":{\"@id\":\"https:\/\/cinmed.me\/nas-tim\/doc-dr-med-spec-snezana-mugosa\/#breadcrumb\"},\"inLanguage\":\"en-US\",\"potentialAction\":[{\"@type\":\"ReadAction\",\"target\":[\"https:\/\/cinmed.me\/nas-tim\/doc-dr-med-spec-snezana-mugosa\/\"]}]},{\"@type\":\"ImageObject\",\"inLanguage\":\"en-US\",\"@id\":\"https:\/\/cinmed.me\/nas-tim\/doc-dr-med-spec-snezana-mugosa\/#primaryimage\",\"url\":\"https:\/\/cinmed.me\/wp-content\/uploads\/2022\/12\/Snezana-Mugosa-768x548.jpg\",\"contentUrl\":\"https:\/\/cinmed.me\/wp-content\/uploads\/2022\/12\/Snezana-Mugosa-768x548.jpg\"},{\"@type\":\"BreadcrumbList\",\"@id\":\"https:\/\/cinmed.me\/nas-tim\/doc-dr-med-spec-snezana-mugosa\/#breadcrumb\",\"itemListElement\":[{\"@type\":\"ListItem\",\"position\":1,\"name\":\"Home\",\"item\":\"https:\/\/cinmed.me\/en\/\"},{\"@type\":\"ListItem\",\"position\":2,\"name\":\"Our Team\",\"item\":\"https:\/\/cinmed.me\/nas-tim\/\"},{\"@type\":\"ListItem\",\"position\":3,\"name\":\"MD, MSc, PhD, spec. Sne\u017eana Mugo\u0161a\"}]},{\"@type\":\"WebSite\",\"@id\":\"https:\/\/cinmed.me\/#website\",\"url\":\"https:\/\/cinmed.me\/\",\"name\":\"Cinmed\",\"description\":\"Crnogorska agencija za lijekove\",\"publisher\":{\"@id\":\"https:\/\/cinmed.me\/#organization\"},\"potentialAction\":[{\"@type\":\"SearchAction\",\"target\":{\"@type\":\"EntryPoint\",\"urlTemplate\":\"https:\/\/cinmed.me\/?s={search_term_string}\"},\"query-input\":{\"@type\":\"PropertyValueSpecification\",\"valueRequired\":true,\"valueName\":\"search_term_string\"}}],\"inLanguage\":\"en-US\"},{\"@type\":\"Organization\",\"@id\":\"https:\/\/cinmed.me\/#organization\",\"name\":\"Cinmed\",\"url\":\"https:\/\/cinmed.me\/\",\"logo\":{\"@type\":\"ImageObject\",\"inLanguage\":\"en-US\",\"@id\":\"https:\/\/cinmed.me\/#\/schema\/logo\/image\/\",\"url\":\"https:\/\/cinmed.me\/wp-content\/uploads\/2023\/02\/cropped-logo.png\",\"contentUrl\":\"https:\/\/cinmed.me\/wp-content\/uploads\/2023\/02\/cropped-logo.png\",\"width\":476,\"height\":59,\"caption\":\"Cinmed\"},\"image\":{\"@id\":\"https:\/\/cinmed.me\/#\/schema\/logo\/image\/\"}}]}<\/script>\n<!-- \/ Yoast SEO plugin. -->","yoast_head_json":{"title":"MD, MSc, PhD, spec. Sne\u017eana Mugo\u0161a - Cinmed","robots":{"index":"index","follow":"follow","max-snippet":"max-snippet:-1","max-image-preview":"max-image-preview:large","max-video-preview":"max-video-preview:-1"},"canonical":"https:\/\/cinmed.me\/nas-tim\/doc-dr-med-spec-snezana-mugosa\/","og_locale":"en_US","og_type":"article","og_title":"MD, MSc, PhD, spec. Sne\u017eana Mugo\u0161a - Cinmed","og_description":"MD, MSc, PhD, spec. Sne\u017eana Mugo\u0161a has been a Managing Director of the Institute for Medicines and Medical Devices since February 2022. She was appointed in a public competition for a five-year period. \u00a0 She was born in Nik\u0161i\u0107 where she completed elementary and high school where she graduated as the valedictorian. She graduated from [&hellip;]","og_url":"https:\/\/cinmed.me\/nas-tim\/doc-dr-med-spec-snezana-mugosa\/","og_site_name":"Cinmed","article_modified_time":"2025-08-08T08:44:33+00:00","og_image":[{"width":2160,"height":1542,"url":"https:\/\/cinmed.me\/wp-content\/uploads\/2022\/12\/Snezana-Mugosa.jpg","type":"image\/jpeg"}],"twitter_card":"summary_large_image","twitter_misc":{"Est. reading time":"3 minutes"},"schema":{"@context":"https:\/\/schema.org","@graph":[{"@type":"WebPage","@id":"https:\/\/cinmed.me\/nas-tim\/doc-dr-med-spec-snezana-mugosa\/","url":"https:\/\/cinmed.me\/nas-tim\/doc-dr-med-spec-snezana-mugosa\/","name":"MD, MSc, PhD, spec. Sne\u017eana Mugo\u0161a - Cinmed","isPartOf":{"@id":"https:\/\/cinmed.me\/#website"},"primaryImageOfPage":{"@id":"https:\/\/cinmed.me\/nas-tim\/doc-dr-med-spec-snezana-mugosa\/#primaryimage"},"image":{"@id":"https:\/\/cinmed.me\/nas-tim\/doc-dr-med-spec-snezana-mugosa\/#primaryimage"},"thumbnailUrl":"https:\/\/cinmed.me\/wp-content\/uploads\/2022\/12\/Snezana-Mugosa-768x548.jpg","datePublished":"2022-12-22T12:52:40+00:00","dateModified":"2025-08-08T08:44:33+00:00","breadcrumb":{"@id":"https:\/\/cinmed.me\/nas-tim\/doc-dr-med-spec-snezana-mugosa\/#breadcrumb"},"inLanguage":"en-US","potentialAction":[{"@type":"ReadAction","target":["https:\/\/cinmed.me\/nas-tim\/doc-dr-med-spec-snezana-mugosa\/"]}]},{"@type":"ImageObject","inLanguage":"en-US","@id":"https:\/\/cinmed.me\/nas-tim\/doc-dr-med-spec-snezana-mugosa\/#primaryimage","url":"https:\/\/cinmed.me\/wp-content\/uploads\/2022\/12\/Snezana-Mugosa-768x548.jpg","contentUrl":"https:\/\/cinmed.me\/wp-content\/uploads\/2022\/12\/Snezana-Mugosa-768x548.jpg"},{"@type":"BreadcrumbList","@id":"https:\/\/cinmed.me\/nas-tim\/doc-dr-med-spec-snezana-mugosa\/#breadcrumb","itemListElement":[{"@type":"ListItem","position":1,"name":"Home","item":"https:\/\/cinmed.me\/en\/"},{"@type":"ListItem","position":2,"name":"Our Team","item":"https:\/\/cinmed.me\/nas-tim\/"},{"@type":"ListItem","position":3,"name":"MD, MSc, PhD, spec. Sne\u017eana Mugo\u0161a"}]},{"@type":"WebSite","@id":"https:\/\/cinmed.me\/#website","url":"https:\/\/cinmed.me\/","name":"Cinmed","description":"Crnogorska agencija za lijekove","publisher":{"@id":"https:\/\/cinmed.me\/#organization"},"potentialAction":[{"@type":"SearchAction","target":{"@type":"EntryPoint","urlTemplate":"https:\/\/cinmed.me\/?s={search_term_string}"},"query-input":{"@type":"PropertyValueSpecification","valueRequired":true,"valueName":"search_term_string"}}],"inLanguage":"en-US"},{"@type":"Organization","@id":"https:\/\/cinmed.me\/#organization","name":"Cinmed","url":"https:\/\/cinmed.me\/","logo":{"@type":"ImageObject","inLanguage":"en-US","@id":"https:\/\/cinmed.me\/#\/schema\/logo\/image\/","url":"https:\/\/cinmed.me\/wp-content\/uploads\/2023\/02\/cropped-logo.png","contentUrl":"https:\/\/cinmed.me\/wp-content\/uploads\/2023\/02\/cropped-logo.png","width":476,"height":59,"caption":"Cinmed"},"image":{"@id":"https:\/\/cinmed.me\/#\/schema\/logo\/image\/"}}]}},"jetpack_sharing_enabled":true,"_links":{"self":[{"href":"https:\/\/cinmed.me\/en\/wp-json\/wp\/v2\/pages\/7522","targetHints":{"allow":["GET"]}}],"collection":[{"href":"https:\/\/cinmed.me\/en\/wp-json\/wp\/v2\/pages"}],"about":[{"href":"https:\/\/cinmed.me\/en\/wp-json\/wp\/v2\/types\/page"}],"author":[{"embeddable":true,"href":"https:\/\/cinmed.me\/en\/wp-json\/wp\/v2\/users\/1"}],"replies":[{"embeddable":true,"href":"https:\/\/cinmed.me\/en\/wp-json\/wp\/v2\/comments?post=7522"}],"version-history":[{"count":12,"href":"https:\/\/cinmed.me\/en\/wp-json\/wp\/v2\/pages\/7522\/revisions"}],"predecessor-version":[{"id":19308,"href":"https:\/\/cinmed.me\/en\/wp-json\/wp\/v2\/pages\/7522\/revisions\/19308"}],"up":[{"embeddable":true,"href":"https:\/\/cinmed.me\/en\/wp-json\/wp\/v2\/pages\/7517"}],"wp:attachment":[{"href":"https:\/\/cinmed.me\/en\/wp-json\/wp\/v2\/media?parent=7522"}],"curies":[{"name":"wp","href":"https:\/\/api.w.org\/{rel}","templated":true}]}}