{"id":7524,"date":"2022-12-12T15:05:37","date_gmt":"2022-12-12T15:05:37","guid":{"rendered":"https:\/\/cinmed.me\/nas-tim\/dr-stom-uros-labudovic\/"},"modified":"2024-02-02T09:07:15","modified_gmt":"2024-02-02T08:07:15","slug":"dmd-uros-labudovic","status":"publish","type":"page","link":"https:\/\/cinmed.me\/en\/our-team\/dmd-uros-labudovic\/","title":{"rendered":"DMD Uro\u0161 Labudovi\u0107"},"content":{"rendered":"\t\t<div data-elementor-type=\"wp-page\" data-elementor-id=\"7524\" class=\"elementor elementor-7524 elementor-3151\" data-elementor-post-type=\"page\">\n\t\t\t\t\t\t<section class=\"elementor-section elementor-top-section elementor-element elementor-element-b1cc3b4 elementor-section-boxed elementor-section-height-default elementor-section-height-default\" data-id=\"b1cc3b4\" data-element_type=\"section\" data-e-type=\"section\">\n\t\t\t\t\t\t<div class=\"elementor-container elementor-column-gap-wider\">\n\t\t\t\t\t<div class=\"elementor-column elementor-col-50 elementor-top-column elementor-element elementor-element-b11a068\" data-id=\"b11a068\" data-element_type=\"column\" data-e-type=\"column\">\n\t\t\t<div class=\"elementor-widget-wrap elementor-element-populated\">\n\t\t\t\t\t\t<div class=\"elementor-element elementor-element-19240af elementor-widget elementor-widget-image\" data-id=\"19240af\" data-element_type=\"widget\" data-e-type=\"widget\" data-widget_type=\"image.default\">\n\t\t\t\t<div class=\"elementor-widget-container\">\n\t\t\t\t\t\t\t\t\t\t\t\t\t\t\t<img fetchpriority=\"high\" decoding=\"async\" width=\"768\" height=\"549\" src=\"https:\/\/cinmed.me\/wp-content\/uploads\/2022\/12\/Uros-Labudovic-768x549.jpg\" class=\"attachment-medium_large size-medium_large wp-image-3157\" alt=\"\" srcset=\"https:\/\/cinmed.me\/wp-content\/uploads\/2022\/12\/Uros-Labudovic-768x549.jpg 768w, https:\/\/cinmed.me\/wp-content\/uploads\/2022\/12\/Uros-Labudovic-300x214.jpg 300w, https:\/\/cinmed.me\/wp-content\/uploads\/2022\/12\/Uros-Labudovic.jpg 980w\" sizes=\"(max-width: 768px) 100vw, 768px\" \/>\t\t\t\t\t\t\t\t\t\t\t\t\t\t\t<\/div>\n\t\t\t\t<\/div>\n\t\t\t\t<div class=\"elementor-element elementor-element-cb5dca3 elementor-widget elementor-widget-text-editor\" data-id=\"cb5dca3\" data-element_type=\"widget\" data-e-type=\"widget\" data-widget_type=\"text-editor.default\">\n\t\t\t\t<div class=\"elementor-widget-container\">\n\t\t\t\t\t\t\t\t\t<p><strong>DMD. Uro\u0161 Labudovi\u0107<\/strong> is the head of the Centre for Medical Devices at the Institute for Medicines and Medical Devices of Montenegro (CInMED).<\/p><p>\u00a0<\/p><p>He was born in Berane where he completed elementary and high school. He graduated from the Faculty of Medicine in Podgorica, study programme &#8211; Dentistry in 2012, where he has been engaged as a teaching assistant in the subject &#8211; Preclinical mobile dental prosthetics. He has been engaged at the Faculty of Medicine since 2014. Currently, he is a PhD student at the Faculty of Medicine in Podgorica.<\/p><p>\u00a0<\/p><p>He has been holding the position of the head of the Centre for Medical Devices since October 2021 and started working at the Institute in 2020.\u00a0 Prior to his appointment to the mentioned position at the Institute, he worked as a GDP inspector in the Inspectorate. He gained previous work experience in the Administration for Inspection Affairs in the Sector for environmental protection, safety and health of people, social and children care &#8211; Department for health and sanitary inspection in the Group of tasks for health supervision on the position of a health inspector with the powers of a sanitary inspector. He also worked in the health institutions as a doctor of dentistry and in multiple pharmaceutical companies as an expert associate for medicines and medical devices and a person responsible for vigilance and monitoring of medical devices on the market.<\/p><p>\u00a0<\/p><p>He is fluent in English and has a basic knowledge in Russian language.<\/p><p>\u00a0<\/p><p>He is married and has one child.<\/p>\t\t\t\t\t\t\t\t<\/div>\n\t\t\t\t<\/div>\n\t\t\t\t\t<\/div>\n\t\t<\/div>\n\t\t\t\t<div class=\"elementor-column elementor-col-50 elementor-top-column elementor-element elementor-element-8242c82\" data-id=\"8242c82\" data-element_type=\"column\" data-e-type=\"column\">\n\t\t\t<div class=\"elementor-widget-wrap elementor-element-populated\">\n\t\t\t\t\t\t<div class=\"elementor-element elementor-element-ecc5f7a elementor-widget elementor-widget-shortcode\" data-id=\"ecc5f7a\" data-element_type=\"widget\" data-e-type=\"widget\" data-widget_type=\"shortcode.default\">\n\t\t\t\t<div class=\"elementor-widget-container\">\n\t\t\t\t\t<div class=\"relative pt-10 rounded bg-primary pb-72\">\n\t<h1 class=\"ml-10 text-4xl text-white \">Search <span class=\"font-bold\">register<\/span><\/h1>\n\t<div class=\"mt-8 \">\n\t\t<h3 class=\"mb-4 ml-10 text-secondary text-medium \">Here you can search for medicines in our register<\/h3>\n\t\t<div class=\"relative inline-block w-4\/5 ml-10 text-left\" style=\"width:80%\">\n\t\t\t<div>\n\t\t\t\t<select onchange=\"javascript:handleSelect(this)\" class=\"block h-[52px] text-[18px] text-light appearance-none w-full bg-white py-3 px-4 pr-8 rounded leading-tight focus:outline-none focus:bg-white focus:border-none\">\n\t\t\t\t\t<option class=\"text-[18px]\" value=\"\">Choose register<\/option>\n\t\t\t\t\t<option class=\"text-[18px]\" value=\"\/en\/register-of-medicines-for-human-use\/\">Register of medicines for human use<\/option>\n\t\t\t\t\t<option class=\"text-[18px]\" value=\"\/en\/register-of-veterinary-medicines\/\">Register of veterinary medicines<\/option>\n\t\t\t\t\t<option class=\"text-[18px]\" value=\"\/en\/medical-devices\/register-of-medical-devices\/\">Register of medical devices<\/option>\n\t\t\t\t<\/select>\n\n\t\t\t\t<script type=\"text\/javascript\">\n\t\t\t\t\tfunction handleSelect(elm) {\n\t\t\t\t\t\twindow.location = elm.value;\n\t\t\t\t\t}\n\t\t\t\t<\/script>\n\t\t\t\t<img decoding=\"async\" style=\"top:22px;\" class=\"absolute right-[15px] top-[22px] \" src=\"\/wp-content\/uploads\/2022\/11\/strelca-copy-8.png\" \/>\n\t\t\t<\/div>\n\t\t<\/div>\n\t<\/div>\n\t<img decoding=\"async\" class=\"absolute bottom-[30px] w-[380px]\" src=\"\/wp-content\/uploads\/2022\/11\/nele.png\" \/>\n<\/div>\n\n\n<div class=\"relative px-10 pt-10 mt-10 rounded pb-72 bg-light-yellow\">\n\t<div class=\"mt-8 md:mt-0\">\n\t\t<h1 class=\"text-3xl text-primary \">Sign up for<\/h1>\n\t\t<h1 class=\"mb-5 text-3xl font-bold text-primary\">Newsletter<\/h1>\n\t\t  \n  \n  <div class=\"\n    mailpoet_form_popup_overlay\n      \"><\/div>\n  <div\n    id=\"mailpoet_form_1\"\n    class=\"\n      mailpoet_form\n      mailpoet_form_shortcode\n      mailpoet_form_position_\n      mailpoet_form_animation_\n    \"\n      >\n\n    <style type=\"text\/css\">\n     #mailpoet_form_1 .mailpoet_form {  }\n#mailpoet_form_1 .mailpoet_column_with_background { padding: 10px; }\n#mailpoet_form_1 .mailpoet_form_column:not(:first-child) { margin-left: 20px; }\n#mailpoet_form_1 .mailpoet_paragraph { line-height: 20px; margin-bottom: 20px; }\n#mailpoet_form_1 .mailpoet_segment_label, #mailpoet_form_1 .mailpoet_text_label, #mailpoet_form_1 .mailpoet_textarea_label, #mailpoet_form_1 .mailpoet_select_label, #mailpoet_form_1 .mailpoet_radio_label, #mailpoet_form_1 .mailpoet_checkbox_label, #mailpoet_form_1 .mailpoet_list_label, #mailpoet_form_1 .mailpoet_date_label { display: block; font-weight: normal; }\n#mailpoet_form_1 .mailpoet_text, #mailpoet_form_1 .mailpoet_textarea, #mailpoet_form_1 .mailpoet_select, #mailpoet_form_1 .mailpoet_date_month, #mailpoet_form_1 .mailpoet_date_day, #mailpoet_form_1 .mailpoet_date_year, #mailpoet_form_1 .mailpoet_date { display: block; }\n#mailpoet_form_1 .mailpoet_text, #mailpoet_form_1 .mailpoet_textarea { width: 200px; }\n#mailpoet_form_1 .mailpoet_checkbox {  }\n#mailpoet_form_1 .mailpoet_submit {  }\n#mailpoet_form_1 .mailpoet_divider {  }\n#mailpoet_form_1 .mailpoet_message {  }\n#mailpoet_form_1 .mailpoet_form_loading { width: 30px; text-align: center; line-height: normal; }\n#mailpoet_form_1 .mailpoet_form_loading > span { width: 5px; height: 5px; background-color: #5b5b5b; }#mailpoet_form_1{border-radius: 0px;text-align: left;}#mailpoet_form_1 form.mailpoet_form {padding: 20px;}#mailpoet_form_1{width: 100%;}#mailpoet_form_1 .mailpoet_message {margin: 0; padding: 0 20px;}#mailpoet_form_1 .mailpoet_paragraph.last {margin-bottom: 0} @media (max-width: 500px) {#mailpoet_form_1 {background-image: none;}} @media (min-width: 500px) {#mailpoet_form_1 .last .mailpoet_paragraph:last-child {margin-bottom: 0}}  @media (max-width: 500px) {#mailpoet_form_1 .mailpoet_form_column:last-child .mailpoet_paragraph:last-child {margin-bottom: 0}} \n    <\/style>\n\n    <form\n      target=\"_self\"\n      method=\"post\"\n      action=\"https:\/\/cinmed.me\/wp-admin\/admin-post.php?action=mailpoet_subscription_form\"\n      class=\"mailpoet_form mailpoet_form_form mailpoet_form_shortcode\"\n      novalidate\n      data-delay=\"\"\n      data-exit-intent-enabled=\"\"\n      data-font-family=\"\"\n      data-cookie-expiration-time=\"\"\n    >\n      <input type=\"hidden\" name=\"data[form_id]\" value=\"1\" \/>\n      <input type=\"hidden\" name=\"token\" value=\"82bc44ca19\" \/>\n      <input type=\"hidden\" name=\"api_version\" value=\"v1\" \/>\n      <input type=\"hidden\" name=\"endpoint\" value=\"subscribers\" \/>\n      <input type=\"hidden\" name=\"mailpoet_method\" value=\"subscribe\" \/>\n\n      <label class=\"mailpoet_hp_email_label\" style=\"display: none !important;\">Please leave this field empty<input type=\"email\" name=\"data[email]\"\/><\/label><div class=\"mailpoet_paragraph \"><input type=\"email\" autocomplete=\"email\" class=\"mailpoet_text\" id=\"form_email_1\" name=\"data[form_field_MGVjYjc5NjljZGZkX2VtYWls]\" title=\"Email\" value=\"\" style=\"width:100%;box-sizing:border-box;padding:5px;margin: 0 auto 0 0;\" data-automation-id=\"form_email\"  placeholder=\"Email *\" aria-label=\"Email *\" data-parsley-errors-container=\".mailpoet_error_mdt6w\" data-parsley-required=\"true\" required aria-required=\"true\" data-parsley-minlength=\"6\" data-parsley-maxlength=\"150\" data-parsley-type-message=\"This value should be a valid email.\" data-parsley-required-message=\"This field is required.\"\/><span class=\"mailpoet_error_mdt6w\"><\/span><\/div>\n<div class=\"mailpoet_recaptcha\" data-sitekey=\"6LcWxdgkAAAAABKQzPxDkvSjfzinYiJpUzzXRcmb\" data-size=\"invisible\">\n      <div class=\"mailpoet_recaptcha_container\"><\/div>\n      <noscript>\n        <div>\n          <div class=\"mailpoet_recaptcha_noscript_container\">\n            <div>\n              <iframe src=\"https:\/\/www.google.com\/recaptcha\/api\/fallback?k=6LcWxdgkAAAAABKQzPxDkvSjfzinYiJpUzzXRcmb\" frameborder=\"0\" scrolling=\"no\">\n              <\/iframe>\n            <\/div>\n          <\/div>\n          <div class=\"mailpoet_recaptcha_noscript_input\">\n            <textarea id=\"g-recaptcha-response\" name=\"data[recaptcha]\" class=\"g-recaptcha-response\">\n            <\/textarea>\n          <\/div>\n        <\/div>\n      <\/noscript>\n      <input class=\"mailpoet_recaptcha_field\" type=\"hidden\" name=\"recaptchaWidgetId\">\n    <\/div><div class=\"mailpoet_paragraph \"><input type=\"submit\" class=\"mailpoet_submit\" value=\"Subscribe!\" data-automation-id=\"subscribe-submit-button\" style=\"width:100%;box-sizing:border-box;padding:5px;margin: 0 auto 0 0;border-color:transparent;\" \/><span class=\"mailpoet_form_loading\"><span class=\"mailpoet_bounce1\"><\/span><span class=\"mailpoet_bounce2\"><\/span><span class=\"mailpoet_bounce3\"><\/span><\/span><\/div>\n\n      <div class=\"mailpoet_message\">\n        <p class=\"mailpoet_validate_success\"\n                style=\"display:none;\"\n                >Thank you for subscribing!\n        <\/p>\n        <p class=\"mailpoet_validate_error\"\n                style=\"display:none;\"\n                >        <\/p>\n      <\/div>\n    <\/form>\n\n      <\/div>\n\n  \t<\/div>\n\t<img decoding=\"async\" class=\"absolute bottom-0 left-0 w-[380px] \" src=\"\/wp-content\/uploads\/2022\/11\/newsletter.png\" \/>\n<\/div>\t\t<div class=\"elementor-shortcode\"><\/div>\n\t\t\t\t\t\t<\/div>\n\t\t\t\t<\/div>\n\t\t\t\t\t<\/div>\n\t\t<\/div>\n\t\t\t\t\t<\/div>\n\t\t<\/section>\n\t\t\t\t<\/div>\n\t\t","protected":false},"excerpt":{"rendered":"<p>DMD. Uro\u0161 Labudovi\u0107 is the head of the Centre for Medical Devices at the Institute for Medicines and Medical Devices of Montenegro (CInMED). \u00a0 He was born in Berane where he completed elementary and high school. He graduated from the Faculty of Medicine in Podgorica, study programme &#8211; Dentistry in 2012, where he has been [&hellip;]<\/p>\n","protected":false},"author":1,"featured_media":0,"parent":7517,"menu_order":0,"comment_status":"closed","ping_status":"closed","template":"","meta":{"_acf_changed":false,"inline_featured_image":false,"footnotes":""},"class_list":["post-7524","page","type-page","status-publish","hentry"],"acf":[],"yoast_head":"<!-- This site is optimized with the Yoast SEO plugin v27.0 - https:\/\/yoast.com\/product\/yoast-seo-wordpress\/ -->\n<title>DMD Uro\u0161 Labudovi\u0107 - Cinmed<\/title>\n<meta name=\"description\" content=\"DMD. Uro\u0161 Labudovi\u0107\" \/>\n<meta name=\"robots\" content=\"index, follow, max-snippet:-1, max-image-preview:large, max-video-preview:-1\" \/>\n<link rel=\"canonical\" href=\"https:\/\/cinmed.me\/nas-tim\/dr-stom-uros-labudovic\/\" \/>\n<meta property=\"og:locale\" content=\"en_US\" \/>\n<meta property=\"og:type\" content=\"article\" \/>\n<meta property=\"og:title\" content=\"DMD Uro\u0161 Labudovi\u0107 - Cinmed\" \/>\n<meta property=\"og:description\" content=\"DMD. Uro\u0161 Labudovi\u0107\" \/>\n<meta property=\"og:url\" content=\"https:\/\/cinmed.me\/nas-tim\/dr-stom-uros-labudovic\/\" \/>\n<meta property=\"og:site_name\" content=\"Cinmed\" \/>\n<meta property=\"article:modified_time\" content=\"2024-02-02T08:07:15+00:00\" \/>\n<meta property=\"og:image\" content=\"https:\/\/cinmed.me\/wp-content\/uploads\/2022\/12\/Uros-Labudovic-768x549.jpg\" \/>\n<meta name=\"twitter:card\" content=\"summary_large_image\" \/>\n<meta name=\"twitter:label1\" content=\"Est. reading time\" \/>\n\t<meta name=\"twitter:data1\" content=\"3 minutes\" \/>\n<script type=\"application\/ld+json\" class=\"yoast-schema-graph\">{\"@context\":\"https:\/\/schema.org\",\"@graph\":[{\"@type\":\"WebPage\",\"@id\":\"https:\/\/cinmed.me\/nas-tim\/dr-stom-uros-labudovic\/\",\"url\":\"https:\/\/cinmed.me\/nas-tim\/dr-stom-uros-labudovic\/\",\"name\":\"DMD Uro\u0161 Labudovi\u0107 - Cinmed\",\"isPartOf\":{\"@id\":\"https:\/\/cinmed.me\/#website\"},\"primaryImageOfPage\":{\"@id\":\"https:\/\/cinmed.me\/nas-tim\/dr-stom-uros-labudovic\/#primaryimage\"},\"image\":{\"@id\":\"https:\/\/cinmed.me\/nas-tim\/dr-stom-uros-labudovic\/#primaryimage\"},\"thumbnailUrl\":\"https:\/\/cinmed.me\/wp-content\/uploads\/2022\/12\/Uros-Labudovic-768x549.jpg\",\"datePublished\":\"2022-12-12T15:05:37+00:00\",\"dateModified\":\"2024-02-02T08:07:15+00:00\",\"description\":\"DMD. Uro\u0161 Labudovi\u0107\",\"breadcrumb\":{\"@id\":\"https:\/\/cinmed.me\/nas-tim\/dr-stom-uros-labudovic\/#breadcrumb\"},\"inLanguage\":\"en-US\",\"potentialAction\":[{\"@type\":\"ReadAction\",\"target\":[\"https:\/\/cinmed.me\/nas-tim\/dr-stom-uros-labudovic\/\"]}]},{\"@type\":\"ImageObject\",\"inLanguage\":\"en-US\",\"@id\":\"https:\/\/cinmed.me\/nas-tim\/dr-stom-uros-labudovic\/#primaryimage\",\"url\":\"https:\/\/cinmed.me\/wp-content\/uploads\/2022\/12\/Uros-Labudovic-768x549.jpg\",\"contentUrl\":\"https:\/\/cinmed.me\/wp-content\/uploads\/2022\/12\/Uros-Labudovic-768x549.jpg\"},{\"@type\":\"BreadcrumbList\",\"@id\":\"https:\/\/cinmed.me\/nas-tim\/dr-stom-uros-labudovic\/#breadcrumb\",\"itemListElement\":[{\"@type\":\"ListItem\",\"position\":1,\"name\":\"Home\",\"item\":\"https:\/\/cinmed.me\/en\/\"},{\"@type\":\"ListItem\",\"position\":2,\"name\":\"Our Team\",\"item\":\"https:\/\/cinmed.me\/nas-tim\/\"},{\"@type\":\"ListItem\",\"position\":3,\"name\":\"DMD Uro\u0161 Labudovi\u0107\"}]},{\"@type\":\"WebSite\",\"@id\":\"https:\/\/cinmed.me\/#website\",\"url\":\"https:\/\/cinmed.me\/\",\"name\":\"Cinmed\",\"description\":\"Crnogorska agencija za lijekove\",\"publisher\":{\"@id\":\"https:\/\/cinmed.me\/#organization\"},\"potentialAction\":[{\"@type\":\"SearchAction\",\"target\":{\"@type\":\"EntryPoint\",\"urlTemplate\":\"https:\/\/cinmed.me\/?s={search_term_string}\"},\"query-input\":{\"@type\":\"PropertyValueSpecification\",\"valueRequired\":true,\"valueName\":\"search_term_string\"}}],\"inLanguage\":\"en-US\"},{\"@type\":\"Organization\",\"@id\":\"https:\/\/cinmed.me\/#organization\",\"name\":\"Cinmed\",\"url\":\"https:\/\/cinmed.me\/\",\"logo\":{\"@type\":\"ImageObject\",\"inLanguage\":\"en-US\",\"@id\":\"https:\/\/cinmed.me\/#\/schema\/logo\/image\/\",\"url\":\"https:\/\/cinmed.me\/wp-content\/uploads\/2023\/02\/cropped-logo.png\",\"contentUrl\":\"https:\/\/cinmed.me\/wp-content\/uploads\/2023\/02\/cropped-logo.png\",\"width\":476,\"height\":59,\"caption\":\"Cinmed\"},\"image\":{\"@id\":\"https:\/\/cinmed.me\/#\/schema\/logo\/image\/\"}}]}<\/script>\n<!-- \/ Yoast SEO plugin. -->","yoast_head_json":{"title":"DMD Uro\u0161 Labudovi\u0107 - Cinmed","description":"DMD. Uro\u0161 Labudovi\u0107","robots":{"index":"index","follow":"follow","max-snippet":"max-snippet:-1","max-image-preview":"max-image-preview:large","max-video-preview":"max-video-preview:-1"},"canonical":"https:\/\/cinmed.me\/nas-tim\/dr-stom-uros-labudovic\/","og_locale":"en_US","og_type":"article","og_title":"DMD Uro\u0161 Labudovi\u0107 - Cinmed","og_description":"DMD. Uro\u0161 Labudovi\u0107","og_url":"https:\/\/cinmed.me\/nas-tim\/dr-stom-uros-labudovic\/","og_site_name":"Cinmed","article_modified_time":"2024-02-02T08:07:15+00:00","og_image":[{"url":"https:\/\/cinmed.me\/wp-content\/uploads\/2022\/12\/Uros-Labudovic-768x549.jpg","type":"","width":"","height":""}],"twitter_card":"summary_large_image","twitter_misc":{"Est. reading time":"3 minutes"},"schema":{"@context":"https:\/\/schema.org","@graph":[{"@type":"WebPage","@id":"https:\/\/cinmed.me\/nas-tim\/dr-stom-uros-labudovic\/","url":"https:\/\/cinmed.me\/nas-tim\/dr-stom-uros-labudovic\/","name":"DMD Uro\u0161 Labudovi\u0107 - Cinmed","isPartOf":{"@id":"https:\/\/cinmed.me\/#website"},"primaryImageOfPage":{"@id":"https:\/\/cinmed.me\/nas-tim\/dr-stom-uros-labudovic\/#primaryimage"},"image":{"@id":"https:\/\/cinmed.me\/nas-tim\/dr-stom-uros-labudovic\/#primaryimage"},"thumbnailUrl":"https:\/\/cinmed.me\/wp-content\/uploads\/2022\/12\/Uros-Labudovic-768x549.jpg","datePublished":"2022-12-12T15:05:37+00:00","dateModified":"2024-02-02T08:07:15+00:00","description":"DMD. Uro\u0161 Labudovi\u0107","breadcrumb":{"@id":"https:\/\/cinmed.me\/nas-tim\/dr-stom-uros-labudovic\/#breadcrumb"},"inLanguage":"en-US","potentialAction":[{"@type":"ReadAction","target":["https:\/\/cinmed.me\/nas-tim\/dr-stom-uros-labudovic\/"]}]},{"@type":"ImageObject","inLanguage":"en-US","@id":"https:\/\/cinmed.me\/nas-tim\/dr-stom-uros-labudovic\/#primaryimage","url":"https:\/\/cinmed.me\/wp-content\/uploads\/2022\/12\/Uros-Labudovic-768x549.jpg","contentUrl":"https:\/\/cinmed.me\/wp-content\/uploads\/2022\/12\/Uros-Labudovic-768x549.jpg"},{"@type":"BreadcrumbList","@id":"https:\/\/cinmed.me\/nas-tim\/dr-stom-uros-labudovic\/#breadcrumb","itemListElement":[{"@type":"ListItem","position":1,"name":"Home","item":"https:\/\/cinmed.me\/en\/"},{"@type":"ListItem","position":2,"name":"Our Team","item":"https:\/\/cinmed.me\/nas-tim\/"},{"@type":"ListItem","position":3,"name":"DMD Uro\u0161 Labudovi\u0107"}]},{"@type":"WebSite","@id":"https:\/\/cinmed.me\/#website","url":"https:\/\/cinmed.me\/","name":"Cinmed","description":"Crnogorska agencija za lijekove","publisher":{"@id":"https:\/\/cinmed.me\/#organization"},"potentialAction":[{"@type":"SearchAction","target":{"@type":"EntryPoint","urlTemplate":"https:\/\/cinmed.me\/?s={search_term_string}"},"query-input":{"@type":"PropertyValueSpecification","valueRequired":true,"valueName":"search_term_string"}}],"inLanguage":"en-US"},{"@type":"Organization","@id":"https:\/\/cinmed.me\/#organization","name":"Cinmed","url":"https:\/\/cinmed.me\/","logo":{"@type":"ImageObject","inLanguage":"en-US","@id":"https:\/\/cinmed.me\/#\/schema\/logo\/image\/","url":"https:\/\/cinmed.me\/wp-content\/uploads\/2023\/02\/cropped-logo.png","contentUrl":"https:\/\/cinmed.me\/wp-content\/uploads\/2023\/02\/cropped-logo.png","width":476,"height":59,"caption":"Cinmed"},"image":{"@id":"https:\/\/cinmed.me\/#\/schema\/logo\/image\/"}}]}},"jetpack_sharing_enabled":true,"_links":{"self":[{"href":"https:\/\/cinmed.me\/en\/wp-json\/wp\/v2\/pages\/7524","targetHints":{"allow":["GET"]}}],"collection":[{"href":"https:\/\/cinmed.me\/en\/wp-json\/wp\/v2\/pages"}],"about":[{"href":"https:\/\/cinmed.me\/en\/wp-json\/wp\/v2\/types\/page"}],"author":[{"embeddable":true,"href":"https:\/\/cinmed.me\/en\/wp-json\/wp\/v2\/users\/1"}],"replies":[{"embeddable":true,"href":"https:\/\/cinmed.me\/en\/wp-json\/wp\/v2\/comments?post=7524"}],"version-history":[{"count":3,"href":"https:\/\/cinmed.me\/en\/wp-json\/wp\/v2\/pages\/7524\/revisions"}],"predecessor-version":[{"id":14876,"href":"https:\/\/cinmed.me\/en\/wp-json\/wp\/v2\/pages\/7524\/revisions\/14876"}],"up":[{"embeddable":true,"href":"https:\/\/cinmed.me\/en\/wp-json\/wp\/v2\/pages\/7517"}],"wp:attachment":[{"href":"https:\/\/cinmed.me\/en\/wp-json\/wp\/v2\/media?parent=7524"}],"curies":[{"name":"wp","href":"https:\/\/api.w.org\/{rel}","templated":true}]}}